{"id":289,"date":"2025-10-10T00:29:00","date_gmt":"2025-10-10T00:29:00","guid":{"rendered":"https:\/\/hopeforfamilies.us.org\/?page_id=289"},"modified":"2025-10-10T03:30:14","modified_gmt":"2025-10-10T03:30:14","slug":"servicios","status":"publish","type":"page","link":"https:\/\/hopeforfamilies.us.org\/en\/servicios\/","title":{"rendered":"Services"},"content":{"rendered":"<div data-elementor-type=\"wp-page\" data-elementor-id=\"289\" class=\"elementor elementor-289\">\n\t\t\t\t<div class=\"elementor-element elementor-element-54753e5 e-flex e-con-boxed wpr-particle-no wpr-jarallax-no wpr-parallax-no wpr-sticky-section-no e-con e-parent\" data-id=\"54753e5\" data-element_type=\"container\" data-settings=\"{&quot;background_background&quot;:&quot;gradient&quot;,&quot;shape_divider_bottom&quot;:&quot;waves&quot;,&quot;shape_divider_bottom_negative&quot;:&quot;yes&quot;}\">\n\t\t\t\t\t<div class=\"e-con-inner\">\n\t\t\t\t<div class=\"elementor-shape elementor-shape-bottom\" aria-hidden=\"true\" data-negative=\"true\">\n\t\t\t<svg xmlns=\"http:\/\/www.w3.org\/2000\/svg\" viewbox=\"0 0 1000 100\" preserveaspectratio=\"none\">\n\t<path class=\"elementor-shape-fill\" d=\"M790.5,93.1c-59.3-5.3-116.8-18-192.6-50c-29.6-12.7-76.9-31-100.5-35.9c-23.6-4.9-52.6-7.8-75.5-5.3\tc-10.2,1.1-22.6,1.4-50.1,7.4c-27.2,6.3-58.2,16.6-79.4,24.7c-41.3,15.9-94.9,21.9-134,22.6C72,58.2,0,25.8,0,25.8V100h1000V65.3\tc0,0-51.5,19.4-106.2,25.7C839.5,97,814.1,95.2,790.5,93.1z\"\/>\n<\/svg>\t\t<\/div>\n\t\t<div class=\"elementor-element elementor-element-b928c5a e-con-full e-flex wpr-particle-no wpr-jarallax-no wpr-parallax-no wpr-sticky-section-no e-con e-child\" data-id=\"b928c5a\" data-element_type=\"container\">\n\t\t\t\t<div class=\"elementor-element elementor-element-b29c055 animated-fast elementor-invisible elementor-widget elementor-widget-heading\" data-id=\"b29c055\" data-element_type=\"widget\" data-settings=\"{&quot;_animation&quot;:&quot;fadeInUp&quot;,&quot;_animation_delay&quot;:500}\" data-widget_type=\"heading.default\">\n\t\t\t\t\t<h2 class=\"elementor-heading-title elementor-size-default\">Our<\/h2>\t\t\t\t<\/div>\n\t\t\t\t<div class=\"elementor-element elementor-element-2a7fd37 animated-fast elementor-invisible elementor-widget elementor-widget-heading\" data-id=\"2a7fd37\" data-element_type=\"widget\" data-settings=\"{&quot;_animation&quot;:&quot;fadeInUp&quot;,&quot;_animation_delay&quot;:800}\" data-widget_type=\"heading.default\">\n\t\t\t\t\t<h2 class=\"elementor-heading-title elementor-size-default\">Services<\/h2>\t\t\t\t<\/div>\n\t\t\t\t<div class=\"elementor-element elementor-element-a5eac2b animated-fast elementor-invisible elementor-widget elementor-widget-text-editor\" data-id=\"a5eac2b\" data-element_type=\"widget\" data-settings=\"{&quot;_animation&quot;:&quot;fadeInUp&quot;,&quot;_animation_delay&quot;:1200}\" data-widget_type=\"text-editor.default\">\n\t\t\t\t\t\t\t\t\t<p>At Hope for Families Access Center, we connect you with essential health, food, and employment services. Receive free, personalized guidance to access the resources you and your family need.<\/p>\t\t\t\t\t\t\t\t<\/div>\n\t\t\t\t<div class=\"elementor-element elementor-element-975bbe7 elementor-align-left animated-fast elementor-invisible elementor-widget elementor-widget-button\" data-id=\"975bbe7\" data-element_type=\"widget\" data-settings=\"{&quot;_animation&quot;:&quot;fadeIn&quot;,&quot;_animation_delay&quot;:1800}\" data-widget_type=\"button.default\">\n\t\t\t\t\t\t\t\t\t\t<a class=\"elementor-button elementor-button-link elementor-size-sm\" href=\"#Contactos\">\n\t\t\t\t\t\t<span class=\"elementor-button-content-wrapper\">\n\t\t\t\t\t\t\t\t\t<span class=\"elementor-button-text\">Contact us!<\/span>\n\t\t\t\t\t<\/span>\n\t\t\t\t\t<\/a>\n\t\t\t\t\t\t\t\t<\/div>\n\t\t\t\t<\/div>\n\t\t<div class=\"elementor-element elementor-element-ca98c17 e-con-full e-flex wpr-particle-no wpr-jarallax-no wpr-parallax-no wpr-sticky-section-no e-con e-child\" data-id=\"ca98c17\" data-element_type=\"container\">\n\t\t\t\t<div class=\"elementor-element elementor-element-bd2a124 animated-fast elementor-invisible elementor-widget elementor-widget-image\" data-id=\"bd2a124\" data-element_type=\"widget\" data-settings=\"{&quot;_animation&quot;:&quot;fadeInUp&quot;,&quot;_animation_delay&quot;:1500}\" data-widget_type=\"image.default\">\n\t\t\t\t\t\t\t\t\t\t\t\t\t\t\t<img fetchpriority=\"high\" decoding=\"async\" width=\"800\" height=\"676\" src=\"https:\/\/hopeforfamilies.us.org\/wp-content\/uploads\/2025\/10\/Famiia-Unida-en-manos-1024x865.png\" class=\"attachment-large size-large wp-image-365\" alt=\"\" srcset=\"https:\/\/hopeforfamilies.us.org\/wp-content\/uploads\/2025\/10\/Famiia-Unida-en-manos-1024x865.png 1024w, https:\/\/hopeforfamilies.us.org\/wp-content\/uploads\/2025\/10\/Famiia-Unida-en-manos-300x253.png 300w, https:\/\/hopeforfamilies.us.org\/wp-content\/uploads\/2025\/10\/Famiia-Unida-en-manos-768x649.png 768w, https:\/\/hopeforfamilies.us.org\/wp-content\/uploads\/2025\/10\/Famiia-Unida-en-manos-100x84.png 100w, https:\/\/hopeforfamilies.us.org\/wp-content\/uploads\/2025\/10\/Famiia-Unida-en-manos-14x12.png 14w, https:\/\/hopeforfamilies.us.org\/wp-content\/uploads\/2025\/10\/Famiia-Unida-en-manos.png 1080w\" sizes=\"(max-width: 800px) 100vw, 800px\" \/>\t\t\t\t\t\t\t\t\t\t\t\t\t\t\t<\/div>\n\t\t\t\t<\/div>\n\t\t\t\t\t<\/div>\n\t\t\t\t<\/div>\n\t\t<div class=\"elementor-element elementor-element-e31b426 e-flex e-con-boxed wpr-particle-no wpr-jarallax-no wpr-parallax-no wpr-sticky-section-no e-con e-parent\" data-id=\"e31b426\" data-element_type=\"container\">\n\t\t\t\t\t<div class=\"e-con-inner\">\n\t\t<div class=\"elementor-element elementor-element-2f492d3 e-con-full animated-fast e-flex wpr-particle-no wpr-jarallax-no wpr-parallax-no wpr-sticky-section-no elementor-invisible e-con e-child\" data-id=\"2f492d3\" data-element_type=\"container\" data-settings=\"{&quot;background_background&quot;:&quot;classic&quot;,&quot;animation&quot;:&quot;fadeInUp&quot;,&quot;animation_delay&quot;:500}\">\n\t\t\t\t<div class=\"elementor-element elementor-element-2eb4c92 elementor-widget__width-initial elementor-widget-mobile__width-initial elementor-widget elementor-widget-image\" data-id=\"2eb4c92\" data-element_type=\"widget\" data-widget_type=\"image.default\">\n\t\t\t\t\t\t\t\t\t\t\t\t\t\t\t<img decoding=\"async\" width=\"1080\" height=\"1080\" src=\"https:\/\/hopeforfamilies.us.org\/wp-content\/uploads\/2025\/10\/Medicare.png\" class=\"attachment-full size-full wp-image-323\" alt=\"\" srcset=\"https:\/\/hopeforfamilies.us.org\/wp-content\/uploads\/2025\/10\/Medicare.png 1080w, https:\/\/hopeforfamilies.us.org\/wp-content\/uploads\/2025\/10\/Medicare-300x300.png 300w, https:\/\/hopeforfamilies.us.org\/wp-content\/uploads\/2025\/10\/Medicare-1024x1024.png 1024w, https:\/\/hopeforfamilies.us.org\/wp-content\/uploads\/2025\/10\/Medicare-150x150.png 150w, https:\/\/hopeforfamilies.us.org\/wp-content\/uploads\/2025\/10\/Medicare-768x768.png 768w, https:\/\/hopeforfamilies.us.org\/wp-content\/uploads\/2025\/10\/Medicare-100x100.png 100w, https:\/\/hopeforfamilies.us.org\/wp-content\/uploads\/2025\/10\/Medicare-12x12.png 12w\" sizes=\"(max-width: 1080px) 100vw, 1080px\" \/>\t\t\t\t\t\t\t\t\t\t\t\t\t\t\t<\/div>\n\t\t<div class=\"elementor-element elementor-element-af29611 e-con-full e-flex wpr-particle-no wpr-jarallax-no wpr-parallax-no wpr-sticky-section-no e-con e-child\" data-id=\"af29611\" data-element_type=\"container\">\n\t\t\t\t<div class=\"elementor-element elementor-element-41a723c elementor-widget elementor-widget-heading\" data-id=\"41a723c\" data-element_type=\"widget\" data-widget_type=\"heading.default\">\n\t\t\t\t\t<h2 class=\"elementor-heading-title elementor-size-default\">Medicare:<\/h2>\t\t\t\t<\/div>\n\t\t\t\t<div class=\"elementor-element elementor-element-b47c541 elementor-widget elementor-widget-heading\" data-id=\"b47c541\" data-element_type=\"widget\" data-widget_type=\"heading.default\">\n\t\t\t\t\t<h2 class=\"elementor-heading-title elementor-size-default\">Medicare y Open Enrollment<\/h2>\t\t\t\t<\/div>\n\t\t\t\t<div class=\"elementor-element elementor-element-3cb9693 elementor-widget-divider--view-line elementor-widget elementor-widget-divider\" data-id=\"3cb9693\" data-element_type=\"widget\" data-widget_type=\"divider.default\">\n\t\t\t\t\t\t\t<div class=\"elementor-divider\">\n\t\t\t<span class=\"elementor-divider-separator\">\n\t\t\t\t\t\t<\/span>\n\t\t<\/div>\n\t\t\t\t\t\t<\/div>\n\t\t\t\t<div class=\"elementor-element elementor-element-2e93c2d elementor-widget elementor-widget-text-editor\" data-id=\"2e93c2d\" data-element_type=\"widget\" data-widget_type=\"text-editor.default\">\n\t\t\t\t\t\t\t\t\t<p>Medicare is a federal health program for people aged 65 and older and for some adults with disabilities. It helps cover doctor visits, hospital stays, and medications.<\/p><p>Open Enrollment takes place every year from October 15 to December 7, and allows you to change plans, add or remove drug coverage. Changes take effect on January 1 of the following year.<\/p>\t\t\t\t\t\t\t\t<\/div>\n\t\t\t\t<\/div>\n\t\t\t\t<\/div>\n\t\t<div class=\"elementor-element elementor-element-86136a7 e-con-full animated-fast e-flex wpr-particle-no wpr-jarallax-no wpr-parallax-no wpr-sticky-section-no elementor-invisible e-con e-child\" data-id=\"86136a7\" data-element_type=\"container\" data-settings=\"{&quot;background_background&quot;:&quot;classic&quot;,&quot;animation&quot;:&quot;fadeInUp&quot;,&quot;animation_delay&quot;:500}\">\n\t\t\t\t<div class=\"elementor-element elementor-element-9bd5baa elementor-widget__width-initial elementor-widget-mobile__width-initial elementor-widget elementor-widget-image\" data-id=\"9bd5baa\" data-element_type=\"widget\" data-widget_type=\"image.default\">\n\t\t\t\t\t\t\t\t\t\t\t\t\t\t\t<img decoding=\"async\" width=\"1080\" height=\"1080\" src=\"https:\/\/hopeforfamilies.us.org\/wp-content\/uploads\/2025\/10\/Medicaid.png\" class=\"attachment-full size-full wp-image-321\" alt=\"\" srcset=\"https:\/\/hopeforfamilies.us.org\/wp-content\/uploads\/2025\/10\/Medicaid.png 1080w, https:\/\/hopeforfamilies.us.org\/wp-content\/uploads\/2025\/10\/Medicaid-300x300.png 300w, https:\/\/hopeforfamilies.us.org\/wp-content\/uploads\/2025\/10\/Medicaid-1024x1024.png 1024w, https:\/\/hopeforfamilies.us.org\/wp-content\/uploads\/2025\/10\/Medicaid-150x150.png 150w, https:\/\/hopeforfamilies.us.org\/wp-content\/uploads\/2025\/10\/Medicaid-768x768.png 768w, https:\/\/hopeforfamilies.us.org\/wp-content\/uploads\/2025\/10\/Medicaid-100x100.png 100w, https:\/\/hopeforfamilies.us.org\/wp-content\/uploads\/2025\/10\/Medicaid-12x12.png 12w\" sizes=\"(max-width: 1080px) 100vw, 1080px\" \/>\t\t\t\t\t\t\t\t\t\t\t\t\t\t\t<\/div>\n\t\t<div class=\"elementor-element elementor-element-9ef34d0 e-con-full e-flex wpr-particle-no wpr-jarallax-no wpr-parallax-no wpr-sticky-section-no e-con e-child\" data-id=\"9ef34d0\" data-element_type=\"container\">\n\t\t\t\t<div class=\"elementor-element elementor-element-3b079b1 elementor-widget elementor-widget-heading\" data-id=\"3b079b1\" data-element_type=\"widget\" data-widget_type=\"heading.default\">\n\t\t\t\t\t<h2 class=\"elementor-heading-title elementor-size-default\">Medicaid:<\/h2>\t\t\t\t<\/div>\n\t\t\t\t<div class=\"elementor-element elementor-element-393f77c elementor-widget-divider--view-line elementor-widget elementor-widget-divider\" data-id=\"393f77c\" data-element_type=\"widget\" data-widget_type=\"divider.default\">\n\t\t\t\t\t\t\t<div class=\"elementor-divider\">\n\t\t\t<span class=\"elementor-divider-separator\">\n\t\t\t\t\t\t<\/span>\n\t\t<\/div>\n\t\t\t\t\t\t<\/div>\n\t\t\t\t<div class=\"elementor-element elementor-element-c7b9c03 elementor-widget elementor-widget-text-editor\" data-id=\"c7b9c03\" data-element_type=\"widget\" data-widget_type=\"text-editor.default\">\n\t\t\t\t\t\t\t\t\t<p>Medicaid is a health program funded by the federal government and states that provides medical coverage to low-income individuals and families, including adults, children, pregnant women, seniors, and people with disabilities.<\/p><p>Open Enrollment: Unlike Medicare, Medicaid accepts applications year-round, so you can apply or renew your coverage at any time.<\/p>\t\t\t\t\t\t\t\t<\/div>\n\t\t\t\t<\/div>\n\t\t\t\t<\/div>\n\t\t<div class=\"elementor-element elementor-element-c78c999 e-con-full animated-fast e-flex wpr-particle-no wpr-jarallax-no wpr-parallax-no wpr-sticky-section-no elementor-invisible e-con e-child\" data-id=\"c78c999\" data-element_type=\"container\" data-settings=\"{&quot;background_background&quot;:&quot;classic&quot;,&quot;animation&quot;:&quot;fadeInUp&quot;,&quot;animation_delay&quot;:500}\">\n\t\t\t\t<div class=\"elementor-element elementor-element-7bf1bca elementor-widget__width-initial elementor-widget elementor-widget-image\" data-id=\"7bf1bca\" data-element_type=\"widget\" data-widget_type=\"image.default\">\n\t\t\t\t\t\t\t\t\t\t\t\t\t\t\t<img loading=\"lazy\" decoding=\"async\" width=\"1080\" height=\"1080\" src=\"https:\/\/hopeforfamilies.us.org\/wp-content\/uploads\/2025\/10\/Obamacare.png\" class=\"attachment-full size-full wp-image-324\" alt=\"\" srcset=\"https:\/\/hopeforfamilies.us.org\/wp-content\/uploads\/2025\/10\/Obamacare.png 1080w, https:\/\/hopeforfamilies.us.org\/wp-content\/uploads\/2025\/10\/Obamacare-300x300.png 300w, https:\/\/hopeforfamilies.us.org\/wp-content\/uploads\/2025\/10\/Obamacare-1024x1024.png 1024w, https:\/\/hopeforfamilies.us.org\/wp-content\/uploads\/2025\/10\/Obamacare-150x150.png 150w, https:\/\/hopeforfamilies.us.org\/wp-content\/uploads\/2025\/10\/Obamacare-768x768.png 768w, https:\/\/hopeforfamilies.us.org\/wp-content\/uploads\/2025\/10\/Obamacare-100x100.png 100w, https:\/\/hopeforfamilies.us.org\/wp-content\/uploads\/2025\/10\/Obamacare-12x12.png 12w\" sizes=\"(max-width: 1080px) 100vw, 1080px\" \/>\t\t\t\t\t\t\t\t\t\t\t\t\t\t\t<\/div>\n\t\t<div class=\"elementor-element elementor-element-59b753c e-con-full e-flex wpr-particle-no wpr-jarallax-no wpr-parallax-no wpr-sticky-section-no e-con e-child\" data-id=\"59b753c\" data-element_type=\"container\">\n\t\t\t\t<div class=\"elementor-element elementor-element-abe92b1 elementor-widget elementor-widget-heading\" data-id=\"abe92b1\" data-element_type=\"widget\" data-widget_type=\"heading.default\">\n\t\t\t\t\t<h2 class=\"elementor-heading-title elementor-size-default\">Obamacare:<\/h2>\t\t\t\t<\/div>\n\t\t\t\t<div class=\"elementor-element elementor-element-dc747b6 elementor-widget-divider--view-line elementor-widget elementor-widget-divider\" data-id=\"dc747b6\" data-element_type=\"widget\" data-widget_type=\"divider.default\">\n\t\t\t\t\t\t\t<div class=\"elementor-divider\">\n\t\t\t<span class=\"elementor-divider-separator\">\n\t\t\t\t\t\t<\/span>\n\t\t<\/div>\n\t\t\t\t\t\t<\/div>\n\t\t\t\t<div class=\"elementor-element elementor-element-c1e031b elementor-widget elementor-widget-text-editor\" data-id=\"c1e031b\" data-element_type=\"widget\" data-widget_type=\"text-editor.default\">\n\t\t\t\t\t\t\t\t\t<p>Obamacare is the Affordable Care Act (ACA), which allows Americans to obtain affordable health insurance, covering pre-existing conditions and eliminating annual benefit limits.<\/p><p>Open Enrollment 2026 will run from November 1, 2025, to January 15, 2026. If you enroll before December 15, coverage begins on January 1; after that, it begins in February.<\/p>\t\t\t\t\t\t\t\t<\/div>\n\t\t\t\t<\/div>\n\t\t\t\t<\/div>\n\t\t<div class=\"elementor-element elementor-element-717934b e-con-full animated-fast e-flex wpr-particle-no wpr-jarallax-no wpr-parallax-no wpr-sticky-section-no elementor-invisible e-con e-child\" data-id=\"717934b\" data-element_type=\"container\" data-settings=\"{&quot;background_background&quot;:&quot;classic&quot;,&quot;animation&quot;:&quot;fadeInUp&quot;,&quot;animation_delay&quot;:500}\">\n\t\t\t\t<div class=\"elementor-element elementor-element-eb1cf6f elementor-widget__width-initial elementor-widget elementor-widget-image\" data-id=\"eb1cf6f\" data-element_type=\"widget\" data-widget_type=\"image.default\">\n\t\t\t\t\t\t\t\t\t\t\t\t\t\t\t<img loading=\"lazy\" decoding=\"async\" width=\"1080\" height=\"1080\" src=\"https:\/\/hopeforfamilies.us.org\/wp-content\/uploads\/2025\/10\/Food-Stamp-SNAP.png\" class=\"attachment-full size-full wp-image-319\" alt=\"\" srcset=\"https:\/\/hopeforfamilies.us.org\/wp-content\/uploads\/2025\/10\/Food-Stamp-SNAP.png 1080w, https:\/\/hopeforfamilies.us.org\/wp-content\/uploads\/2025\/10\/Food-Stamp-SNAP-300x300.png 300w, https:\/\/hopeforfamilies.us.org\/wp-content\/uploads\/2025\/10\/Food-Stamp-SNAP-1024x1024.png 1024w, https:\/\/hopeforfamilies.us.org\/wp-content\/uploads\/2025\/10\/Food-Stamp-SNAP-150x150.png 150w, https:\/\/hopeforfamilies.us.org\/wp-content\/uploads\/2025\/10\/Food-Stamp-SNAP-768x768.png 768w, https:\/\/hopeforfamilies.us.org\/wp-content\/uploads\/2025\/10\/Food-Stamp-SNAP-100x100.png 100w, https:\/\/hopeforfamilies.us.org\/wp-content\/uploads\/2025\/10\/Food-Stamp-SNAP-12x12.png 12w\" sizes=\"(max-width: 1080px) 100vw, 1080px\" \/>\t\t\t\t\t\t\t\t\t\t\t\t\t\t\t<\/div>\n\t\t<div class=\"elementor-element elementor-element-81e6863 e-con-full e-flex wpr-particle-no wpr-jarallax-no wpr-parallax-no wpr-sticky-section-no e-con e-child\" data-id=\"81e6863\" data-element_type=\"container\">\n\t\t\t\t<div class=\"elementor-element elementor-element-1cee60e elementor-widget elementor-widget-heading\" data-id=\"1cee60e\" data-element_type=\"widget\" data-widget_type=\"heading.default\">\n\t\t\t\t\t<h2 class=\"elementor-heading-title elementor-size-default\">Food Stamp (SNAP):<\/h2>\t\t\t\t<\/div>\n\t\t\t\t<div class=\"elementor-element elementor-element-b7389e5 elementor-widget-divider--view-line elementor-widget elementor-widget-divider\" data-id=\"b7389e5\" data-element_type=\"widget\" data-widget_type=\"divider.default\">\n\t\t\t\t\t\t\t<div class=\"elementor-divider\">\n\t\t\t<span class=\"elementor-divider-separator\">\n\t\t\t\t\t\t<\/span>\n\t\t<\/div>\n\t\t\t\t\t\t<\/div>\n\t\t\t\t<div class=\"elementor-element elementor-element-976bb47 elementor-widget elementor-widget-text-editor\" data-id=\"976bb47\" data-element_type=\"widget\" data-widget_type=\"text-editor.default\">\n\t\t\t\t\t\t\t\t\t<p>SNAP (Food Stamps) is the Supplemental Nutrition Assistance Program that helps low-income individuals and families purchase healthy food using an EBT card. We are available to provide free assistance and guidance with the enrollment process.<\/p>\t\t\t\t\t\t\t\t<\/div>\n\t\t\t\t<\/div>\n\t\t\t\t<\/div>\n\t\t<div class=\"elementor-element elementor-element-12b25dc e-con-full animated-fast e-flex wpr-particle-no wpr-jarallax-no wpr-parallax-no wpr-sticky-section-no elementor-invisible e-con e-child\" data-id=\"12b25dc\" data-element_type=\"container\" data-settings=\"{&quot;background_background&quot;:&quot;classic&quot;,&quot;animation&quot;:&quot;fadeInUp&quot;,&quot;animation_delay&quot;:500}\">\n\t\t\t\t<div class=\"elementor-element elementor-element-ad1f436 elementor-widget__width-initial elementor-widget elementor-widget-image\" data-id=\"ad1f436\" data-element_type=\"widget\" data-widget_type=\"image.default\">\n\t\t\t\t\t\t\t\t\t\t\t\t\t\t\t<img loading=\"lazy\" decoding=\"async\" width=\"1080\" height=\"1080\" src=\"https:\/\/hopeforfamilies.us.org\/wp-content\/uploads\/2025\/10\/Integracion-al-empleo.png\" class=\"attachment-full size-full wp-image-320\" alt=\"\" srcset=\"https:\/\/hopeforfamilies.us.org\/wp-content\/uploads\/2025\/10\/Integracion-al-empleo.png 1080w, https:\/\/hopeforfamilies.us.org\/wp-content\/uploads\/2025\/10\/Integracion-al-empleo-300x300.png 300w, https:\/\/hopeforfamilies.us.org\/wp-content\/uploads\/2025\/10\/Integracion-al-empleo-1024x1024.png 1024w, https:\/\/hopeforfamilies.us.org\/wp-content\/uploads\/2025\/10\/Integracion-al-empleo-150x150.png 150w, https:\/\/hopeforfamilies.us.org\/wp-content\/uploads\/2025\/10\/Integracion-al-empleo-768x768.png 768w, https:\/\/hopeforfamilies.us.org\/wp-content\/uploads\/2025\/10\/Integracion-al-empleo-100x100.png 100w, https:\/\/hopeforfamilies.us.org\/wp-content\/uploads\/2025\/10\/Integracion-al-empleo-12x12.png 12w\" sizes=\"(max-width: 1080px) 100vw, 1080px\" \/>\t\t\t\t\t\t\t\t\t\t\t\t\t\t\t<\/div>\n\t\t<div class=\"elementor-element elementor-element-28d28d2 e-con-full e-flex wpr-particle-no wpr-jarallax-no wpr-parallax-no wpr-sticky-section-no e-con e-child\" data-id=\"28d28d2\" data-element_type=\"container\">\n\t\t\t\t<div class=\"elementor-element elementor-element-8afae41 elementor-widget elementor-widget-heading\" data-id=\"8afae41\" data-element_type=\"widget\" data-widget_type=\"heading.default\">\n\t\t\t\t\t<h2 class=\"elementor-heading-title elementor-size-default\">Integration into employment:<\/h2>\t\t\t\t<\/div>\n\t\t\t\t<div class=\"elementor-element elementor-element-435881c elementor-widget-divider--view-line elementor-widget elementor-widget-divider\" data-id=\"435881c\" data-element_type=\"widget\" data-widget_type=\"divider.default\">\n\t\t\t\t\t\t\t<div class=\"elementor-divider\">\n\t\t\t<span class=\"elementor-divider-separator\">\n\t\t\t\t\t\t<\/span>\n\t\t<\/div>\n\t\t\t\t\t\t<\/div>\n\t\t\t\t<div class=\"elementor-element elementor-element-4c1d870 elementor-widget elementor-widget-text-editor\" data-id=\"4c1d870\" data-element_type=\"widget\" data-widget_type=\"text-editor.default\">\n\t\t\t\t\t\t\t\t\t<p>At Hope for Families Access Center, we support employment integration and self-sufficiency. That's why we offer free training and resume assistance.<\/p>\t\t\t\t\t\t\t\t<\/div>\n\t\t\t\t<\/div>\n\t\t\t\t<\/div>\n\t\t\t\t\t<\/div>\n\t\t\t\t<\/div>\n\t\t\t\t<\/div>","protected":false},"excerpt":{"rendered":"<p>Nuestros Servicios En Hope for Families Access Center te conectamos con servicios esenciales de salud, alimentaci\u00f3n y empleo. Recibe orientaci\u00f3n gratuita y personalizada para acceder a los recursos que t\u00fa y tu familia necesitan. \u00a1Cont\u00e1ctanos! Medicare: Medicare y Open Enrollment Medicare es un programa federal de salud para personas de 65 a\u00f1os o m\u00e1s y para algunos adultos con discapacidades. Ayuda a cubrir consultas m\u00e9dicas, hospitalizaci\u00f3n y medicamentos. El Open Enrollment se lleva a cabo cada a\u00f1o del 15 de octubre al 7 de diciembre, y permite cambiar de plan, agregar o eliminar cobertura de medicamentos. Los cambios aplican desde el 1 de enero del a\u00f1o siguiente. Medicaid: Medicaid es un programa de salud financiado por el gobierno federal y los estados, que brinda cobertura m\u00e9dica a personas y familias con bajos ingresos, incluyendo adultos, ni\u00f1os, mujeres embarazadas, personas mayores y personas con discapacidades. Open Enrollment \/ Inscripci\u00f3n: A diferencia de Medicare, Medicaid acepta solicitudes durante todo el a\u00f1o, por lo que puedes aplicar o renovar tu cobertura en cualquier momento. Obamacare: Obamacare es la Ley de Cuidado de Salud a Bajo Precio (ACA) que permite a los estadounidenses obtener seguros m\u00e9dicos accesibles, cubriendo condiciones preexistentes y eliminando l\u00edmites anuales de beneficios. El Open Enrollment 2026 ser\u00e1 del 1 de noviembre de 2025 al 15 de enero de 2026. Si te inscribes antes del 15 de diciembre, la cobertura inicia el 1 de enero; despu\u00e9s, empieza en febrero. Food Stamp (SNAP): SNAP (Food Stamps) es el Programa de Asistencia Nutricional Suplementaria que ayuda a personas y familias de bajos ingresos a comprar alimentos saludables mediante una tarjeta EBT. Estamos a disposici\u00f3n para brindar ayuda y orientaci\u00f3n gratuita en el proceso de inscripci\u00f3n al beneficio. Integraci\u00f3n al empleo: En Hope for Families Access Center apoyamos la integraci\u00f3n al empleo y la autosuficiencia. Por eso, ofrecemos capacitaciones gratuitas y asistencia en la creaci\u00f3n de Resume.<\/p>","protected":false},"author":1,"featured_media":0,"parent":0,"menu_order":0,"comment_status":"closed","ping_status":"closed","template":"elementor_canvas","meta":{"footnotes":""},"class_list":["post-289","page","type-page","status-publish","hentry"],"_links":{"self":[{"href":"https:\/\/hopeforfamilies.us.org\/en\/wp-json\/wp\/v2\/pages\/289","targetHints":{"allow":["GET"]}}],"collection":[{"href":"https:\/\/hopeforfamilies.us.org\/en\/wp-json\/wp\/v2\/pages"}],"about":[{"href":"https:\/\/hopeforfamilies.us.org\/en\/wp-json\/wp\/v2\/types\/page"}],"author":[{"embeddable":true,"href":"https:\/\/hopeforfamilies.us.org\/en\/wp-json\/wp\/v2\/users\/1"}],"replies":[{"embeddable":true,"href":"https:\/\/hopeforfamilies.us.org\/en\/wp-json\/wp\/v2\/comments?post=289"}],"version-history":[{"count":109,"href":"https:\/\/hopeforfamilies.us.org\/en\/wp-json\/wp\/v2\/pages\/289\/revisions"}],"predecessor-version":[{"id":546,"href":"https:\/\/hopeforfamilies.us.org\/en\/wp-json\/wp\/v2\/pages\/289\/revisions\/546"}],"wp:attachment":[{"href":"https:\/\/hopeforfamilies.us.org\/en\/wp-json\/wp\/v2\/media?parent=289"}],"curies":[{"name":"wp","href":"https:\/\/api.w.org\/{rel}","templated":true}]}}